{"id":10,"date":"2015-05-14T17:10:19","date_gmt":"2015-05-14T15:10:19","guid":{"rendered":"http:\/\/www.ungerbuam.de\/wordpress\/?page_id=10"},"modified":"2015-06-08T23:08:34","modified_gmt":"2015-06-08T21:08:34","slug":"wer-mir-san","status":"publish","type":"page","link":"http:\/\/www.ungerbuam.de\/wordpress\/?page_id=10","title":{"rendered":"wer mir san"},"content":{"rendered":"<p>Mir san (Wir sind):<\/p>\n<ul>\n<li>Bayern von Geburt und aus \u00dcberzeugung<a href=\"http:\/\/www.ungerbuam.de\/wordpress\/wp-content\/uploads\/2015\/05\/Ungerbuam.jpg\"><img loading=\"lazy\" decoding=\"async\" class=\"alignright size-medium wp-image-24\" src=\"http:\/\/www.ungerbuam.de\/wordpress\/wp-content\/uploads\/2015\/05\/Ungerbuam-226x300.jpg\" alt=\"Ungerbuam\" width=\"226\" height=\"300\" srcset=\"http:\/\/www.ungerbuam.de\/wordpress\/wp-content\/uploads\/2015\/05\/Ungerbuam-226x300.jpg 226w, http:\/\/www.ungerbuam.de\/wordpress\/wp-content\/uploads\/2015\/05\/Ungerbuam.jpg 770w, http:\/\/www.ungerbuam.de\/wordpress\/wp-content\/uploads\/2015\/05\/Ungerbuam-113x150.jpg 113w\" sizes=\"(max-width: 226px) 100vw, 226px\" \/><\/a><\/li>\n<li>wirklich und wahrhaftig Br\u00fcder<\/li>\n<li>mittlerweile seit Jahrzehnten musikalisch miteinander unterwegs<\/li>\n<li>beide meist gl\u00fccklich verheiratet<\/li>\n<li>V\u00e4ter von insgesamt sechs Kindern<\/li>\n<li>fast nie daheim<\/li>\n<li>f\u00fcr beinahe jede Gaudi zu haben<\/li>\n<\/ul>\n<p>kurz:<\/p>\n<p>Mir san d&#8217;Unger Buam<\/p>\n","protected":false},"excerpt":{"rendered":"<p>Mir san (Wir sind): Bayern von Geburt und aus \u00dcberzeugung wirklich und wahrhaftig Br\u00fcder mittlerweile seit Jahrzehnten musikalisch miteinander unterwegs beide meist gl\u00fccklich verheiratet V\u00e4ter von insgesamt sechs Kindern fast nie daheim f\u00fcr beinahe jede Gaudi zu haben kurz: Mir san d&#8217;Unger Buam<\/p>\n<p class=\"continue-reading-button\"> <a class=\"continue-reading-link\" href=\"http:\/\/www.ungerbuam.de\/wordpress\/?page_id=10\">Continue reading<i class=\"crycon-right-dir\"><\/i><\/a><\/p>\n","protected":false},"author":1,"featured_media":0,"parent":0,"menu_order":10,"comment_status":"closed","ping_status":"closed","template":"","meta":{"footnotes":""},"_links":{"self":[{"href":"http:\/\/www.ungerbuam.de\/wordpress\/index.php?rest_route=\/wp\/v2\/pages\/10"}],"collection":[{"href":"http:\/\/www.ungerbuam.de\/wordpress\/index.php?rest_route=\/wp\/v2\/pages"}],"about":[{"href":"http:\/\/www.ungerbuam.de\/wordpress\/index.php?rest_route=\/wp\/v2\/types\/page"}],"author":[{"embeddable":true,"href":"http:\/\/www.ungerbuam.de\/wordpress\/index.php?rest_route=\/wp\/v2\/users\/1"}],"replies":[{"embeddable":true,"href":"http:\/\/www.ungerbuam.de\/wordpress\/index.php?rest_route=%2Fwp%2Fv2%2Fcomments&post=10"}],"version-history":[{"count":5,"href":"http:\/\/www.ungerbuam.de\/wordpress\/index.php?rest_route=\/wp\/v2\/pages\/10\/revisions"}],"predecessor-version":[{"id":99,"href":"http:\/\/www.ungerbuam.de\/wordpress\/index.php?rest_route=\/wp\/v2\/pages\/10\/revisions\/99"}],"wp:attachment":[{"href":"http:\/\/www.ungerbuam.de\/wordpress\/index.php?rest_route=%2Fwp%2Fv2%2Fmedia&parent=10"}],"curies":[{"name":"wp","href":"https:\/\/api.w.org\/{rel}","templated":true}]}}