{"id":26,"date":"2015-06-07T22:23:46","date_gmt":"2015-06-07T20:23:46","guid":{"rendered":"http:\/\/www.ungerbuam.de\/wordpress\/?page_id=26"},"modified":"2015-06-08T23:10:46","modified_gmt":"2015-06-08T21:10:46","slug":"juergen","status":"publish","type":"page","link":"http:\/\/www.ungerbuam.de\/wordpress\/?page_id=26","title":{"rendered":"J\u00fcrgen"},"content":{"rendered":"<p><img loading=\"lazy\" decoding=\"async\" class=\" size-medium wp-image-27 alignright\" src=\"http:\/\/www.ungerbuam.de\/wordpress\/wp-content\/uploads\/2015\/06\/J\u00fcrgen-300x200.jpg\" alt=\"J\u00fcrgen\" width=\"300\" height=\"200\" srcset=\"http:\/\/www.ungerbuam.de\/wordpress\/wp-content\/uploads\/2015\/06\/J\u00fcrgen-300x200.jpg 300w, http:\/\/www.ungerbuam.de\/wordpress\/wp-content\/uploads\/2015\/06\/J\u00fcrgen.jpg 1024w, http:\/\/www.ungerbuam.de\/wordpress\/wp-content\/uploads\/2015\/06\/J\u00fcrgen-225x150.jpg 225w, http:\/\/www.ungerbuam.de\/wordpress\/wp-content\/uploads\/2015\/06\/J\u00fcrgen-150x100.jpg 150w\" sizes=\"(max-width: 300px) 100vw, 300px\" \/>Bereits als Kind lernte ich Zither spielen. Mittlerweile sind noch diverse andere Instrumente dazugekommen.<br \/>\nNeben Tuba und Bariton findet sich zum Beispiel des \u00d6fteren eine steirische Harmonika in meinem Auftritts-Gep\u00e4ck. Wenn wir historisch spielen, bringe ich neben meiner Drehleier diverse Blasinstrumente wie Fl\u00f6te und Schalmei und Schlagwerk mit. Nur mein Klavier hat es gut &#8211; das darf zu Hause bleiben.<\/p>\n<p>&nbsp;<\/p>\n<p><a href=\"http:\/\/www.ungerbuam.de\/wordpress\/wp-content\/uploads\/2015\/06\/060615-332-1-21.jpg\"><img loading=\"lazy\" decoding=\"async\" class=\" size-medium wp-image-44 alignleft\" src=\"http:\/\/www.ungerbuam.de\/wordpress\/wp-content\/uploads\/2015\/06\/060615-332-1-21-200x300.jpg\" alt=\"060615 (332)-1-2\" width=\"200\" height=\"300\" srcset=\"http:\/\/www.ungerbuam.de\/wordpress\/wp-content\/uploads\/2015\/06\/060615-332-1-21-200x300.jpg 200w, http:\/\/www.ungerbuam.de\/wordpress\/wp-content\/uploads\/2015\/06\/060615-332-1-21.jpg 683w, http:\/\/www.ungerbuam.de\/wordpress\/wp-content\/uploads\/2015\/06\/060615-332-1-21-100x150.jpg 100w\" sizes=\"(max-width: 200px) 100vw, 200px\" \/><\/a><\/p>\n<p>Wenn ich in meiner Freizeit mal nicht beim Musikspielen bin, genie\u00dfe ich die Zeit mit meiner Familie oder bin im Wald oder in meiner Werkstatt zu finden. Langweilig wird mir nie.<\/p>\n<p>Und wenn mir gar nichts anderes einf\u00e4llt, bin ich leidenschaftlicher Hobby-Bauer.<\/p>\n","protected":false},"excerpt":{"rendered":"<p>Bereits als Kind lernte ich Zither spielen. Mittlerweile sind noch diverse andere Instrumente dazugekommen. Neben Tuba und Bariton findet sich zum Beispiel des \u00d6fteren eine steirische Harmonika in meinem Auftritts-Gep\u00e4ck. Wenn wir historisch spielen, bringe ich neben meiner Drehleier diverse Blasinstrumente wie Fl\u00f6te und Schalmei und Schlagwerk mit. Nur mein<\/p>\n<p class=\"continue-reading-button\"> <a class=\"continue-reading-link\" href=\"http:\/\/www.ungerbuam.de\/wordpress\/?page_id=26\">Continue reading<i class=\"crycon-right-dir\"><\/i><\/a><\/p>\n","protected":false},"author":1,"featured_media":0,"parent":10,"menu_order":20,"comment_status":"closed","ping_status":"closed","template":"","meta":{"footnotes":""},"_links":{"self":[{"href":"http:\/\/www.ungerbuam.de\/wordpress\/index.php?rest_route=\/wp\/v2\/pages\/26"}],"collection":[{"href":"http:\/\/www.ungerbuam.de\/wordpress\/index.php?rest_route=\/wp\/v2\/pages"}],"about":[{"href":"http:\/\/www.ungerbuam.de\/wordpress\/index.php?rest_route=\/wp\/v2\/types\/page"}],"author":[{"embeddable":true,"href":"http:\/\/www.ungerbuam.de\/wordpress\/index.php?rest_route=\/wp\/v2\/users\/1"}],"replies":[{"embeddable":true,"href":"http:\/\/www.ungerbuam.de\/wordpress\/index.php?rest_route=%2Fwp%2Fv2%2Fcomments&post=26"}],"version-history":[{"count":5,"href":"http:\/\/www.ungerbuam.de\/wordpress\/index.php?rest_route=\/wp\/v2\/pages\/26\/revisions"}],"predecessor-version":[{"id":100,"href":"http:\/\/www.ungerbuam.de\/wordpress\/index.php?rest_route=\/wp\/v2\/pages\/26\/revisions\/100"}],"up":[{"embeddable":true,"href":"http:\/\/www.ungerbuam.de\/wordpress\/index.php?rest_route=\/wp\/v2\/pages\/10"}],"wp:attachment":[{"href":"http:\/\/www.ungerbuam.de\/wordpress\/index.php?rest_route=%2Fwp%2Fv2%2Fmedia&parent=26"}],"curies":[{"name":"wp","href":"https:\/\/api.w.org\/{rel}","templated":true}]}}