{"id":32,"date":"2015-06-07T22:48:27","date_gmt":"2015-06-07T20:48:27","guid":{"rendered":"http:\/\/www.ungerbuam.de\/wordpress\/?page_id=32"},"modified":"2015-06-08T23:13:34","modified_gmt":"2015-06-08T21:13:34","slug":"ebo","status":"publish","type":"page","link":"http:\/\/www.ungerbuam.de\/wordpress\/?page_id=32","title":{"rendered":"Ebo"},"content":{"rendered":"<p>Eigentlich wurde ich auf den Namen &#8222;Bernhard&#8220; getauft &#8211; aber das wissen heute nur Wenige.<\/p>\n<p>Das Musi<img loading=\"lazy\" decoding=\"async\" class=\" size-medium wp-image-39 alignright\" src=\"http:\/\/www.ungerbuam.de\/wordpress\/wp-content\/uploads\/2015\/06\/060615-255-13-300x200.jpg\" alt=\"Ebo\" width=\"300\" height=\"200\" srcset=\"http:\/\/www.ungerbuam.de\/wordpress\/wp-content\/uploads\/2015\/06\/060615-255-13-300x200.jpg 300w, http:\/\/www.ungerbuam.de\/wordpress\/wp-content\/uploads\/2015\/06\/060615-255-13.jpg 1024w, http:\/\/www.ungerbuam.de\/wordpress\/wp-content\/uploads\/2015\/06\/060615-255-13-225x150.jpg 225w, http:\/\/www.ungerbuam.de\/wordpress\/wp-content\/uploads\/2015\/06\/060615-255-13-150x100.jpg 150w\" sizes=\"(max-width: 300px) 100vw, 300px\" \/>zieren macht mir einfach Spa\u00df und so sammeln sich mehr und mehr Instrumente in unserem Haushalt an, die mittlerweile nicht mehr nur ich, sondern zum Teil auch meine Kinder bespielen.<\/p>\n<p>Da w\u00e4ren z. B.<\/p>\n<ul>\n<li>Ziach<\/li>\n<li>mehrere Gitarren<\/li>\n<li>Mandoline<\/li>\n<li>Laute<\/li>\n<li>Dudels\u00e4cke<\/li>\n<li>Trompete<\/li>\n<li>Fl\u00fcgelhorn<a href=\"http:\/\/www.ungerbuam.de\/wordpress\/wp-content\/uploads\/2015\/06\/060615-293-Bearbeitet-13.jpg\"><img loading=\"lazy\" decoding=\"async\" class=\"alignright size-medium wp-image-40\" src=\"http:\/\/www.ungerbuam.de\/wordpress\/wp-content\/uploads\/2015\/06\/060615-293-Bearbeitet-13-300x200.jpg\" alt=\"060615 (293)-Bearbeitet-1\" width=\"300\" height=\"200\" srcset=\"http:\/\/www.ungerbuam.de\/wordpress\/wp-content\/uploads\/2015\/06\/060615-293-Bearbeitet-13-300x200.jpg 300w, http:\/\/www.ungerbuam.de\/wordpress\/wp-content\/uploads\/2015\/06\/060615-293-Bearbeitet-13.jpg 1024w, http:\/\/www.ungerbuam.de\/wordpress\/wp-content\/uploads\/2015\/06\/060615-293-Bearbeitet-13-225x150.jpg 225w, http:\/\/www.ungerbuam.de\/wordpress\/wp-content\/uploads\/2015\/06\/060615-293-Bearbeitet-13-150x100.jpg 150w\" sizes=\"(max-width: 300px) 100vw, 300px\" \/><\/a><\/li>\n<li>Jagdhorn<\/li>\n<li>Fl\u00f6te<\/li>\n<\/ul>\n<p>und ich kann mir durchaus vorstellen, dass es auch noch mehr werden.<\/p>\n<p>Wenn ich mich mal nicht der Musik widme, fr\u00f6ne ich meinen anderen Interessen, z. B. der Jagd oder der Falknerei oder trainiere f\u00fcr den n\u00e4chsten Triathlon.<\/p>\n<p>Mein Markenzeichen ist mein Hut, den ich nur zum Schlafen ablege.<\/p>\n","protected":false},"excerpt":{"rendered":"<p>Eigentlich wurde ich auf den Namen &#8222;Bernhard&#8220; getauft &#8211; aber das wissen heute nur Wenige. Das Musizieren macht mir einfach Spa\u00df und so sammeln sich mehr und mehr Instrumente in unserem Haushalt an, die mittlerweile nicht mehr nur ich, sondern zum Teil auch meine Kinder bespielen. Da w\u00e4ren z. B.<\/p>\n<p class=\"continue-reading-button\"> <a class=\"continue-reading-link\" href=\"http:\/\/www.ungerbuam.de\/wordpress\/?page_id=32\">Continue reading<i class=\"crycon-right-dir\"><\/i><\/a><\/p>\n","protected":false},"author":1,"featured_media":0,"parent":10,"menu_order":10,"comment_status":"closed","ping_status":"closed","template":"","meta":{"footnotes":""},"_links":{"self":[{"href":"http:\/\/www.ungerbuam.de\/wordpress\/index.php?rest_route=\/wp\/v2\/pages\/32"}],"collection":[{"href":"http:\/\/www.ungerbuam.de\/wordpress\/index.php?rest_route=\/wp\/v2\/pages"}],"about":[{"href":"http:\/\/www.ungerbuam.de\/wordpress\/index.php?rest_route=\/wp\/v2\/types\/page"}],"author":[{"embeddable":true,"href":"http:\/\/www.ungerbuam.de\/wordpress\/index.php?rest_route=\/wp\/v2\/users\/1"}],"replies":[{"embeddable":true,"href":"http:\/\/www.ungerbuam.de\/wordpress\/index.php?rest_route=%2Fwp%2Fv2%2Fcomments&post=32"}],"version-history":[{"count":3,"href":"http:\/\/www.ungerbuam.de\/wordpress\/index.php?rest_route=\/wp\/v2\/pages\/32\/revisions"}],"predecessor-version":[{"id":102,"href":"http:\/\/www.ungerbuam.de\/wordpress\/index.php?rest_route=\/wp\/v2\/pages\/32\/revisions\/102"}],"up":[{"embeddable":true,"href":"http:\/\/www.ungerbuam.de\/wordpress\/index.php?rest_route=\/wp\/v2\/pages\/10"}],"wp:attachment":[{"href":"http:\/\/www.ungerbuam.de\/wordpress\/index.php?rest_route=%2Fwp%2Fv2%2Fmedia&parent=32"}],"curies":[{"name":"wp","href":"https:\/\/api.w.org\/{rel}","templated":true}]}}