{"id":51,"date":"2015-06-08T13:55:12","date_gmt":"2015-06-08T11:55:12","guid":{"rendered":"http:\/\/www.ungerbuam.de\/wordpress\/?page_id=51"},"modified":"2015-06-08T22:51:08","modified_gmt":"2015-06-08T20:51:08","slug":"wia-ma-uns-kriagt","status":"publish","type":"page","link":"http:\/\/www.ungerbuam.de\/wordpress\/?page_id=51","title":{"rendered":"wia ma uns kriagt"},"content":{"rendered":"<p>Onkel Sepp\u00a0hat den 65. und Sie brauchen noch ein Geschenk, obwohl er doch alles hat?<br \/>\nD&#8217;UngerBuam kosten f\u00fcr eine Einlage weniger als ein ordentlicher Fresskorb und man hat mehr davon, als von einem Zinnteller.<\/p>\n<p>Sie haben ein Fest und suchen eine musikalische Auflockerung?\u00a0<a href=\"http:\/\/www.ungerbuam.de\/wordpress\/wp-content\/uploads\/2015\/06\/060615-367-11.jpg\"><img loading=\"lazy\" decoding=\"async\" class=\"alignright  wp-image-55\" src=\"http:\/\/www.ungerbuam.de\/wordpress\/wp-content\/uploads\/2015\/06\/060615-367-11-300x200.jpg\" alt=\"D'UngerBuam\" width=\"395\" height=\"263\" srcset=\"http:\/\/www.ungerbuam.de\/wordpress\/wp-content\/uploads\/2015\/06\/060615-367-11-300x200.jpg 300w, http:\/\/www.ungerbuam.de\/wordpress\/wp-content\/uploads\/2015\/06\/060615-367-11.jpg 1024w, http:\/\/www.ungerbuam.de\/wordpress\/wp-content\/uploads\/2015\/06\/060615-367-11-225x150.jpg 225w, http:\/\/www.ungerbuam.de\/wordpress\/wp-content\/uploads\/2015\/06\/060615-367-11-150x100.jpg 150w\" sizes=\"(max-width: 395px) 100vw, 395px\" \/><\/a><br \/>\nD&#8217;UngerBuam kommen auch schon f\u00fcr 30 Minuten.<\/p>\n<p>Sie heiraten mit DJ und wollen auf ein traditionelles Brautverziehen trotzdem nicht verzichten?<br \/>\nD&#8217;UngerBuam gestalten diesen Teil Ihrer Hochzeit mit Publikumsspielen und Live-Musik.<\/p>\n<p>Sie wollen Ihr Firmenfest musikalisch umrahmen?<br \/>\nD&#8217;UngerBuam bieten Ihnen auch ein abendf\u00fcllendes Musikprogramm.<\/p>\n<p>Und f\u00fcr alles gilt: Abgesehen von Bierzeltauftritten und \u00c4hnlichem brauchen wir weder Strom noch Verst\u00e4rkungsanlage.<\/p>\n<p>Melden Sie sich f\u00fcr weitere Informationen oder eine Terminabsprache<br \/>\ntelefonisch unter 08271\/89 67<br \/>\nper Handy unter 0170\/637 54 76<br \/>\noder per Mail unter info@ungerbuam.de<\/p>\n<p>Wenn Sie uns buchen, denken Sie bitte daran, uns eine Handynummer oder eine Telefonnummer zu hinterlassen, auf der wir Sie um die Auftrittszeit erreichen k\u00f6nnten, falls wir uns z. B. verkehrsbedingt versp\u00e4ten sollten.<br \/>\nGeben Sie uns den Auftrittsort wenn m\u00f6glich mit Postleitzahl bekannt, damit unser Navi sich leichter tut.<\/p>\n<p>Nat\u00fcrlich k\u00f6nnen Sie uns auch als \u00dcberraschungsg\u00e4ste buchen &#8211; denken Sie dann bitte daran, uns eine Telefonnummer zu geben, auf der nicht der zu \u00dcberraschende ans Telefon geht.<\/p>\n<p>&nbsp;<\/p>\n","protected":false},"excerpt":{"rendered":"<p>Onkel Sepp\u00a0hat den 65. und Sie brauchen noch ein Geschenk, obwohl er doch alles hat? D&#8217;UngerBuam kosten f\u00fcr eine Einlage weniger als ein ordentlicher Fresskorb und man hat mehr davon, als von einem Zinnteller. Sie haben ein Fest und suchen eine musikalische Auflockerung?\u00a0 D&#8217;UngerBuam kommen auch schon f\u00fcr 30 Minuten.<\/p>\n<p class=\"continue-reading-button\"> <a class=\"continue-reading-link\" href=\"http:\/\/www.ungerbuam.de\/wordpress\/?page_id=51\">Continue reading<i class=\"crycon-right-dir\"><\/i><\/a><\/p>\n","protected":false},"author":1,"featured_media":55,"parent":0,"menu_order":40,"comment_status":"closed","ping_status":"closed","template":"","meta":{"footnotes":""},"_links":{"self":[{"href":"http:\/\/www.ungerbuam.de\/wordpress\/index.php?rest_route=\/wp\/v2\/pages\/51"}],"collection":[{"href":"http:\/\/www.ungerbuam.de\/wordpress\/index.php?rest_route=\/wp\/v2\/pages"}],"about":[{"href":"http:\/\/www.ungerbuam.de\/wordpress\/index.php?rest_route=\/wp\/v2\/types\/page"}],"author":[{"embeddable":true,"href":"http:\/\/www.ungerbuam.de\/wordpress\/index.php?rest_route=\/wp\/v2\/users\/1"}],"replies":[{"embeddable":true,"href":"http:\/\/www.ungerbuam.de\/wordpress\/index.php?rest_route=%2Fwp%2Fv2%2Fcomments&post=51"}],"version-history":[{"count":8,"href":"http:\/\/www.ungerbuam.de\/wordpress\/index.php?rest_route=\/wp\/v2\/pages\/51\/revisions"}],"predecessor-version":[{"id":82,"href":"http:\/\/www.ungerbuam.de\/wordpress\/index.php?rest_route=\/wp\/v2\/pages\/51\/revisions\/82"}],"wp:featuredmedia":[{"embeddable":true,"href":"http:\/\/www.ungerbuam.de\/wordpress\/index.php?rest_route=\/wp\/v2\/media\/55"}],"wp:attachment":[{"href":"http:\/\/www.ungerbuam.de\/wordpress\/index.php?rest_route=%2Fwp%2Fv2%2Fmedia&parent=51"}],"curies":[{"name":"wp","href":"https:\/\/api.w.org\/{rel}","templated":true}]}}